{"id":2560,"date":"2021-11-23T01:32:33","date_gmt":"2021-11-23T00:32:33","guid":{"rendered":"http:\/\/new.newfrontierfashion.net\/legal-notice\/"},"modified":"2021-11-24T20:57:50","modified_gmt":"2021-11-24T19:57:50","slug":"legal-notice","status":"publish","type":"page","link":"https:\/\/newfrontierfashion.net\/en\/legal-notice\/","title":{"rendered":"Legal Notice"},"content":{"rendered":"\t\t<div data-elementor-type=\"wp-page\" data-elementor-id=\"2560\" class=\"elementor elementor-2560 elementor-1269\" data-elementor-post-type=\"page\">\n\t\t\t\t\t\t<section class=\"elementor-section elementor-top-section elementor-element elementor-element-524ba9e elementor-section-boxed elementor-section-height-default elementor-section-height-default parallax_section_no qode_elementor_container_no\" data-id=\"524ba9e\" data-element_type=\"section\">\n\t\t\t\t\t\t<div class=\"elementor-container elementor-column-gap-default\">\n\t\t\t\t\t<div class=\"elementor-column elementor-col-100 elementor-top-column elementor-element elementor-element-631aebc\" data-id=\"631aebc\" data-element_type=\"column\">\n\t\t\t<div class=\"elementor-widget-wrap elementor-element-populated\">\n\t\t\t\t\t\t<div class=\"elementor-element elementor-element-4fb664f elementor-invisible elementor-widget elementor-widget-heading\" data-id=\"4fb664f\" data-element_type=\"widget\" data-settings=\"{&quot;_animation&quot;:&quot;fadeIn&quot;}\" data-widget_type=\"heading.default\">\n\t\t\t\t<div class=\"elementor-widget-container\">\n\t\t\t\t\t<h2 class=\"elementor-heading-title elementor-size-default\">Legal Notice<\/h2>\t\t\t\t<\/div>\n\t\t\t\t<\/div>\n\t\t\t\t<div class=\"elementor-element elementor-element-a8fde50 elementor-invisible elementor-widget elementor-widget-text-editor\" data-id=\"a8fde50\" data-element_type=\"widget\" data-settings=\"{&quot;_animation&quot;:&quot;fadeIn&quot;}\" data-widget_type=\"text-editor.default\">\n\t\t\t\t<div class=\"elementor-widget-container\">\n\t\t\t\t\t\t\t\t\t<p><strong>New Frontier GmbH<\/strong><\/p>\n<p>Osnabr\u00fccker Str. 68a<\/p>\n<p>49584 F\u00fcrstenau<\/p>\n<p>Germany<\/p>\n<\/p>\n<p>Tel.: <strong>+49 59019581914<\/strong><\/p>\n<p>E-Mail: <strong>info@newfrontier.de<\/strong><\/p>\n<p>Website: <strong>www.newfrontierfashion.net<\/strong><\/p>\n\t\t\t\t\t\t\t\t<\/div>\n\t\t\t\t<\/div>\n\t\t\t\t<div class=\"elementor-element elementor-element-6d4c4d3 elementor-invisible elementor-widget elementor-widget-text-editor\" data-id=\"6d4c4d3\" data-element_type=\"widget\" data-settings=\"{&quot;_animation&quot;:&quot;fadeIn&quot;}\" data-widget_type=\"text-editor.default\">\n\t\t\t\t<div class=\"elementor-widget-container\">\n\t\t\t\t\t\t\t\t\t<p>Vertretungsberechtigter \/ Gesch\u00e4ftsf\u00fchrer: <strong>Peter Welp<\/strong><br \/>Registergericht: <strong>Amtsgericht Osnabr\u00fcck<\/strong><br \/>HRB-Nr.: <strong>200411<\/strong><br \/>St-Nr.: <strong>67\/201\/15298<\/strong><\/p>\n\t\t\t\t\t\t\t\t<\/div>\n\t\t\t\t<\/div>\n\t\t\t\t<div class=\"elementor-element elementor-element-3400ac5 elementor-invisible elementor-widget elementor-widget-text-editor\" data-id=\"3400ac5\" data-element_type=\"widget\" data-settings=\"{&quot;_animation&quot;:&quot;fadeIn&quot;}\" data-widget_type=\"text-editor.default\">\n\t\t\t\t<div class=\"elementor-widget-container\">\n\t\t\t\t\t\t\t\t\t<p>Umsatzsteuer-Identifikationsnummer gem\u00e4\u00df \u00a7 27a Umsatzsteuergesetz: <strong>DE251211337<\/strong><\/p>\n\t\t\t\t\t\t\t\t<\/div>\n\t\t\t\t<\/div>\n\t\t\t\t<div class=\"elementor-element elementor-element-1f3b663 elementor-invisible elementor-widget elementor-widget-text-editor\" data-id=\"1f3b663\" data-element_type=\"widget\" data-settings=\"{&quot;_animation&quot;:&quot;fadeIn&quot;}\" data-widget_type=\"text-editor.default\">\n\t\t\t\t<div class=\"elementor-widget-container\">\n\t\t\t\t\t\t\t\t\t<p>Inhaltlich Verantworlicher gem\u00e4\u00df \u00a710 Absatz 3 MDStV: <strong>Peter Welp<\/strong><br \/>(Anschrift wie oben)<\/p>\n\t\t\t\t\t\t\t\t<\/div>\n\t\t\t\t<\/div>\n\t\t\t\t\t<\/div>\n\t\t<\/div>\n\t\t\t\t\t<\/div>\n\t\t<\/section>\n\t\t\t\t<section class=\"elementor-section elementor-top-section elementor-element elementor-element-80060ad elementor-section-boxed elementor-section-height-default elementor-section-height-default parallax_section_no qode_elementor_container_no\" data-id=\"80060ad\" data-element_type=\"section\">\n\t\t\t\t\t\t<div class=\"elementor-container elementor-column-gap-default\">\n\t\t\t\t\t<div class=\"elementor-column elementor-col-100 elementor-top-column elementor-element elementor-element-c00d1fa\" data-id=\"c00d1fa\" data-element_type=\"column\">\n\t\t\t<div class=\"elementor-widget-wrap elementor-element-populated\">\n\t\t\t\t\t\t<div class=\"elementor-element elementor-element-6ce96e5 elementor-widget elementor-widget-heading\" data-id=\"6ce96e5\" data-element_type=\"widget\" data-widget_type=\"heading.default\">\n\t\t\t\t<div class=\"elementor-widget-container\">\n\t\t\t\t\t<h5 class=\"elementor-heading-title elementor-size-default\">Haftungshinweis:<\/h5>\t\t\t\t<\/div>\n\t\t\t\t<\/div>\n\t\t\t\t<div class=\"elementor-element elementor-element-322deb8 elementor-widget elementor-widget-text-editor\" data-id=\"322deb8\" data-element_type=\"widget\" data-widget_type=\"text-editor.default\">\n\t\t\t\t<div class=\"elementor-widget-container\">\n\t\t\t\t\t\t\t\t\t<p>Trotz sorgf\u00e4ltiger inhaltlicher Kontrolle \u00fcbernehmen wir keine Haftung f\u00fcr die Inhalte externer Links. F\u00fcr den Inhalt der verlinkten Seiten sind ausschlie\u00dflich deren Betreiber verantwortlich.<\/p>\n\t\t\t\t\t\t\t\t<\/div>\n\t\t\t\t<\/div>\n\t\t\t\t\t<\/div>\n\t\t<\/div>\n\t\t\t\t\t<\/div>\n\t\t<\/section>\n\t\t\t\t<section class=\"elementor-section elementor-top-section elementor-element elementor-element-1033860 elementor-section-boxed elementor-section-height-default elementor-section-height-default parallax_section_no qode_elementor_container_no\" data-id=\"1033860\" data-element_type=\"section\">\n\t\t\t\t\t\t<div class=\"elementor-container elementor-column-gap-default\">\n\t\t\t\t\t<div class=\"elementor-column elementor-col-100 elementor-top-column elementor-element elementor-element-0f276c7\" data-id=\"0f276c7\" data-element_type=\"column\">\n\t\t\t<div class=\"elementor-widget-wrap elementor-element-populated\">\n\t\t\t\t\t\t<div class=\"elementor-element elementor-element-2b9c226 elementor-widget elementor-widget-heading\" data-id=\"2b9c226\" data-element_type=\"widget\" data-widget_type=\"heading.default\">\n\t\t\t\t<div class=\"elementor-widget-container\">\n\t\t\t\t\t<h5 class=\"elementor-heading-title elementor-size-default\">Rechtliche Hinweise:<\/h5>\t\t\t\t<\/div>\n\t\t\t\t<\/div>\n\t\t\t\t<div class=\"elementor-element elementor-element-974c176 elementor-widget elementor-widget-text-editor\" data-id=\"974c176\" data-element_type=\"widget\" data-widget_type=\"text-editor.default\">\n\t\t\t\t<div class=\"elementor-widget-container\">\n\t\t\t\t\t\t\t\t\t<p>Die Firma New Frontier GmbH pr\u00fcft und aktualisiert die Informationen auf ihren Webseiten st\u00e4ndig. Trotz aller Sorgfalt k\u00f6nnen sich die Daten inzwischen ver\u00e4ndert haben. Eine Haftung oder Garantie f\u00fcr die Aktualit\u00e4t, Richtigkeit und Vollst\u00e4ndigkeit der zur Verf\u00fcgung gestellten Informationen kann daher nicht \u00fcbernommen werden. Des weiteren beh\u00e4lt sich die Firma New Frontier GmbH das Recht vor, \u00c4nderungen oder Erg\u00e4nzungen der bereitgestellten Informationen vorzunehmen.<\/p>\n<p>Die Firma New Frontier GmbH ist als Inhaltsanbieter nach \u00a75 Abs. 1 des Teledienstgesetzes vom 22. Juli 1997 (TDG) f\u00fcr die &#8220;eigenen Inhalte&#8221;, die zur Nutzung bereitgehalten werden, nach den allgemeinen Gesetzen verantwortlich. Von diesen eigenen Inhalten sind Querverweise (&#8220;Links&#8221;) auf die von anderen Anbietern bereitgehaltenen Inhalte zu unterscheiden. F\u00fcr diese fremden Inhalte ist die Firma New Frontier GmbH nur dann verantwortlich, wenn Firma New Frontier GmbH von ihnen (d.h. auch von einem rechtswidrigen bzw. strafbaren Inhalt) positiv Kenntnis hat und es technisch m\u00f6glich und zumutbar ist, deren Nutzung zu verhindern (\u00a75 Abs. 2 TDG). Bei &#8220;Links&#8221; handelt es sich allerdings stets um &#8220;lebende&#8221; (dynamische) Verweisungen. Die Firma New Frontier GmbH hat bei der erstmaligen Verkn\u00fcpfung zwar den fremden Inhalt daraufhin \u00fcberpr\u00fcft, ob durch ihn eine m\u00f6gliche zivilrechtliche oder strafrechtliche Verantwortlichkeit ausgel\u00f6st wird. Die Firma New Frontier GmbH ist aber nach dem TDG nicht dazu verpflichtet, die Inhalte, auf die aus diesem Angebot verwiesen wird, st\u00e4ndig auf Ver\u00e4nderungen zu \u00fcberpr\u00fcfen, die eine Verantwortlichkeit neu begr\u00fcnden k\u00f6nnten. Erst wenn festgestellt oder von anderen darauf hingewiesen wird, da\u00df ein konkretes Angebot, zu dem ein Link bereitgestellt wurde, eine zivil- oder strafrechtliche Verantwortlichkeit ausl\u00f6sen kann, wird der Verweis auf dieses Angebot aufgehoben, soweit dies technisch m\u00f6glich und zumutbar ist.<\/p>\n\t\t\t\t\t\t\t\t<\/div>\n\t\t\t\t<\/div>\n\t\t\t\t\t<\/div>\n\t\t<\/div>\n\t\t\t\t\t<\/div>\n\t\t<\/section>\n\t\t\t\t<section class=\"elementor-section elementor-top-section elementor-element elementor-element-cc7791f elementor-section-boxed elementor-section-height-default elementor-section-height-default parallax_section_no qode_elementor_container_no\" data-id=\"cc7791f\" data-element_type=\"section\">\n\t\t\t\t\t\t<div class=\"elementor-container elementor-column-gap-default\">\n\t\t\t\t\t<div class=\"elementor-column elementor-col-100 elementor-top-column elementor-element elementor-element-0baac5a\" data-id=\"0baac5a\" data-element_type=\"column\">\n\t\t\t<div class=\"elementor-widget-wrap elementor-element-populated\">\n\t\t\t\t\t\t<div class=\"elementor-element elementor-element-8fa7149 elementor-widget elementor-widget-spacer\" data-id=\"8fa7149\" data-element_type=\"widget\" data-widget_type=\"spacer.default\">\n\t\t\t\t<div class=\"elementor-widget-container\">\n\t\t\t\t\t\t\t<div class=\"elementor-spacer\">\n\t\t\t<div class=\"elementor-spacer-inner\"><\/div>\n\t\t<\/div>\n\t\t\t\t\t\t<\/div>\n\t\t\t\t<\/div>\n\t\t\t\t\t<\/div>\n\t\t<\/div>\n\t\t\t\t\t<\/div>\n\t\t<\/section>\n\t\t\t\t<\/div>\n\t\t","protected":false},"excerpt":{"rendered":"<p>Legal Notice New Frontier GmbH Osnabr\u00fccker Str. 68a 49584 F\u00fcrstenau Germany Tel.: +49 59019581914 E-Mail: info@newfrontier.de Website: www.newfrontierfashion.net Vertretungsberechtigter \/ Gesch\u00e4ftsf\u00fchrer: Peter WelpRegistergericht: Amtsgericht Osnabr\u00fcckHRB-Nr.: 200411St-Nr.: 67\/201\/15298 Umsatzsteuer-Identifikationsnummer gem\u00e4\u00df \u00a7 27a Umsatzsteuergesetz: DE251211337 Inhaltlich Verantworlicher gem\u00e4\u00df \u00a710 Absatz 3 MDStV: Peter Welp(Anschrift wie oben) Haftungshinweis:&#8230;<\/p>\n","protected":false},"author":2,"featured_media":0,"parent":0,"menu_order":0,"comment_status":"closed","ping_status":"closed","template":"elementor_theme","meta":{"_monsterinsights_skip_tracking":false,"_monsterinsights_sitenote_active":false,"_monsterinsights_sitenote_note":"","_monsterinsights_sitenote_category":0,"footnotes":""},"class_list":["post-2560","page","type-page","status-publish","hentry"],"_links":{"self":[{"href":"https:\/\/newfrontierfashion.net\/en\/wp-json\/wp\/v2\/pages\/2560","targetHints":{"allow":["GET"]}}],"collection":[{"href":"https:\/\/newfrontierfashion.net\/en\/wp-json\/wp\/v2\/pages"}],"about":[{"href":"https:\/\/newfrontierfashion.net\/en\/wp-json\/wp\/v2\/types\/page"}],"author":[{"embeddable":true,"href":"https:\/\/newfrontierfashion.net\/en\/wp-json\/wp\/v2\/users\/2"}],"replies":[{"embeddable":true,"href":"https:\/\/newfrontierfashion.net\/en\/wp-json\/wp\/v2\/comments?post=2560"}],"version-history":[{"count":5,"href":"https:\/\/newfrontierfashion.net\/en\/wp-json\/wp\/v2\/pages\/2560\/revisions"}],"predecessor-version":[{"id":2574,"href":"https:\/\/newfrontierfashion.net\/en\/wp-json\/wp\/v2\/pages\/2560\/revisions\/2574"}],"wp:attachment":[{"href":"https:\/\/newfrontierfashion.net\/en\/wp-json\/wp\/v2\/media?parent=2560"}],"curies":[{"name":"wp","href":"https:\/\/api.w.org\/{rel}","templated":true}]}}