{"id":2926,"date":"2021-12-17T14:02:48","date_gmt":"2021-12-17T13:02:48","guid":{"rendered":"https:\/\/newfrontierfashion.net\/jobs-3\/sachbearbeiter-in\/"},"modified":"2021-12-17T14:02:50","modified_gmt":"2021-12-17T13:02:50","slug":"sachbearbeiter-in","status":"publish","type":"page","link":"https:\/\/newfrontierfashion.net\/en\/jobs-3\/sachbearbeiter-in\/","title":{"rendered":"Sachbearbeiter\/in"},"content":{"rendered":"\t\t<div data-elementor-type=\"wp-page\" data-elementor-id=\"2926\" class=\"elementor elementor-2926 elementor-2782\" data-elementor-post-type=\"page\">\n\t\t\t\t\t\t<section class=\"elementor-section elementor-top-section elementor-element elementor-element-b546b8c elementor-section-boxed elementor-section-height-default elementor-section-height-default parallax_section_no qode_elementor_container_no\" data-id=\"b546b8c\" data-element_type=\"section\">\n\t\t\t\t\t\t<div class=\"elementor-container elementor-column-gap-default\">\n\t\t\t\t\t<div class=\"elementor-column elementor-col-100 elementor-top-column elementor-element elementor-element-a9ded23\" data-id=\"a9ded23\" data-element_type=\"column\">\n\t\t\t<div class=\"elementor-widget-wrap elementor-element-populated\">\n\t\t\t\t\t\t<div class=\"elementor-element elementor-element-03c7c40 elementor-widget elementor-widget-spacer\" data-id=\"03c7c40\" data-element_type=\"widget\" data-widget_type=\"spacer.default\">\n\t\t\t\t<div class=\"elementor-widget-container\">\n\t\t\t\t\t\t\t<div class=\"elementor-spacer\">\n\t\t\t<div class=\"elementor-spacer-inner\"><\/div>\n\t\t<\/div>\n\t\t\t\t\t\t<\/div>\n\t\t\t\t<\/div>\n\t\t\t\t<div class=\"elementor-element elementor-element-ceaf91a elementor-invisible elementor-widget elementor-widget-heading\" data-id=\"ceaf91a\" data-element_type=\"widget\" data-settings=\"{&quot;_animation&quot;:&quot;fadeIn&quot;}\" data-widget_type=\"heading.default\">\n\t\t\t\t<div class=\"elementor-widget-container\">\n\t\t\t\t\t<h4 class=\"elementor-heading-title elementor-size-default\">SACHBEARBEITER\/IN (M\/W\/D)<\/h4>\t\t\t\t<\/div>\n\t\t\t\t<\/div>\n\t\t\t\t<div class=\"elementor-element elementor-element-6c81c19 elementor-invisible elementor-widget elementor-widget-heading\" data-id=\"6c81c19\" data-element_type=\"widget\" data-settings=\"{&quot;_animation&quot;:&quot;fadeIn&quot;,&quot;_animation_delay&quot;:50}\" data-widget_type=\"heading.default\">\n\t\t\t\t<div class=\"elementor-widget-container\">\n\t\t\t\t\t<h5 class=\"elementor-heading-title elementor-size-default\">F\u00dcR DIE AUFTRAGSABWICKLUNG<\/h5>\t\t\t\t<\/div>\n\t\t\t\t<\/div>\n\t\t\t\t\t<\/div>\n\t\t<\/div>\n\t\t\t\t\t<\/div>\n\t\t<\/section>\n\t\t\t\t<section class=\"elementor-section elementor-top-section elementor-element elementor-element-0e5f20a elementor-section-boxed elementor-section-height-default elementor-section-height-default parallax_section_no qode_elementor_container_no\" data-id=\"0e5f20a\" data-element_type=\"section\">\n\t\t\t\t\t\t<div class=\"elementor-container elementor-column-gap-default\">\n\t\t\t\t\t<div class=\"elementor-column elementor-col-100 elementor-top-column elementor-element elementor-element-7e85bf2\" data-id=\"7e85bf2\" data-element_type=\"column\">\n\t\t\t<div class=\"elementor-widget-wrap elementor-element-populated\">\n\t\t\t\t\t\t<div class=\"elementor-element elementor-element-0c4d1cf elementor-invisible elementor-widget elementor-widget-text-editor\" data-id=\"0c4d1cf\" data-element_type=\"widget\" data-settings=\"{&quot;_animation&quot;:&quot;fadeIn&quot;,&quot;_animation_delay&quot;:100}\" data-widget_type=\"text-editor.default\">\n\t\t\t\t<div class=\"elementor-widget-container\">\n\t\t\t\t\t\t\t\t\t<p><strong>Die Aufgaben, die dich erwarten:<\/strong><\/p>\n<ul>\n<li style=\"font-weight: 300;\">Die Betreuung deiner eigenen Auftr\u00e4ge ab der Auftragsbest\u00e4tigung bis zur Auslieferung an unsere Kunden<\/li>\n<li style=\"font-weight: 300;\">Pr\u00fcfung der Qualit\u00e4t unserer Bekleidungsst\u00fccke auf z.B. Farbgebung, Qualit\u00e4t, Verarbeitung und Waschbest\u00e4ndigkeit<\/li>\n<li style=\"font-weight: 300;\">Partnerschaftlicher Kontakt mit unseren internationalen Lieferanten und Kunden<\/li>\n<\/ul>\n\t\t\t\t\t\t\t\t<\/div>\n\t\t\t\t<\/div>\n\t\t\t\t<div class=\"elementor-element elementor-element-498e792 elementor-invisible elementor-widget elementor-widget-text-editor\" data-id=\"498e792\" data-element_type=\"widget\" data-settings=\"{&quot;_animation&quot;:&quot;fadeIn&quot;,&quot;_animation_delay&quot;:200}\" data-widget_type=\"text-editor.default\">\n\t\t\t\t<div class=\"elementor-widget-container\">\n\t\t\t\t\t\t\t\t\t<p><strong>Was du mitbringen solltest:<\/strong><\/p>\n<ul>\n<li style=\"font-weight: 300;\">Eine aufgeschlossene, positive Pers\u00f6nlichkeit<\/li>\n<li style=\"font-weight: 300;\">Teamf\u00e4higkeit, Eigeninitiative und -verantwortung<\/li>\n<li style=\"font-weight: 300;\">Eine selbstst\u00e4ndige und strukturierte Arbeitsweise<\/li>\n<li style=\"font-weight: 300;\">Eine l\u00f6sungsorientierte Denkweise sowie die F\u00e4higkeit, Priorit\u00e4ten zu setzen und bei vor\u00fcbergehend h\u00f6herer Arbeitsbelastung einen k\u00fchlen Kopf zu bewahren<\/li>\n<li style=\"font-weight: 300;\">Eine abgeschlossene kaufm\u00e4nnische Ausbildung oder eine vergleichbare Qualifikation<\/li>\n<li style=\"font-weight: 300;\">Sicherer Umgang mit MS-Office Programmen<\/li>\n<li style=\"font-weight: 300;\">Gute Englischkenntnisse in Wort und Schrift<\/li>\n<li style=\"font-weight: 300;\">Erfahrungen in der Textilindustrie sind von Vorteil, doch wir freuen uns auch \u00fcber wissbegierige Neulinge mit Affinit\u00e4t zur Mode<\/li>\n<\/ul>\n\t\t\t\t\t\t\t\t<\/div>\n\t\t\t\t<\/div>\n\t\t\t\t<div class=\"elementor-element elementor-element-b7a17ae elementor-invisible elementor-widget elementor-widget-text-editor\" data-id=\"b7a17ae\" data-element_type=\"widget\" data-settings=\"{&quot;_animation&quot;:&quot;fadeIn&quot;,&quot;_animation_delay&quot;:300}\" data-widget_type=\"text-editor.default\">\n\t\t\t\t<div class=\"elementor-widget-container\">\n\t\t\t\t\t\t\t\t\t<p><strong>Worauf du dich freuen kannst:<\/strong><\/p>\n<ul>\n<li style=\"font-weight: 300;\">Ein spannender und abwechslungsreicher Job mit Verantwortung<\/li>\n<li style=\"font-weight: 300;\">Umfangreiche Einarbeitung und Unterst\u00fctzung des Teams<\/li>\n<li style=\"font-weight: 300;\">Arbeit in einem dynamischen Team mit flachen Hierarchien<\/li>\n<li style=\"font-weight: 300;\">Die M\u00f6glichkeit, deine eigenen Erfahrungen und Ideen einzubringen<\/li>\n<li style=\"font-weight: 300;\">Modernes B\u00fcro<\/li>\n<\/ul>\n\t\t\t\t\t\t\t\t<\/div>\n\t\t\t\t<\/div>\n\t\t\t\t<div class=\"elementor-element elementor-element-af39f7b elementor-invisible elementor-widget elementor-widget-text-editor\" data-id=\"af39f7b\" data-element_type=\"widget\" data-settings=\"{&quot;_animation&quot;:&quot;fadeIn&quot;,&quot;_animation_delay&quot;:400}\" data-widget_type=\"text-editor.default\">\n\t\t\t\t<div class=\"elementor-widget-container\">\n\t\t\t\t\t\t\t\t\t<p style=\"font-weight: 400;\">Mode ist unsere Leidenschaft! Auch deine? Dann freuen wir uns auf deine Bewerbung unter Angabe deiner Gehaltsvorstellung sowie deines fr\u00fchestm\u00f6glichen Eintrittstermins per Mail an <a href=\"mailto:m.welp@newfrontier.de\" target=\"_blank\" rel=\"noopener\">m.welp@newfrontier.de<\/a>!<\/p>\n\t\t\t\t\t\t\t\t<\/div>\n\t\t\t\t<\/div>\n\t\t\t\t\t<\/div>\n\t\t<\/div>\n\t\t\t\t\t<\/div>\n\t\t<\/section>\n\t\t\t\t<section class=\"elementor-section elementor-top-section elementor-element elementor-element-2a2d5e8 elementor-section-boxed elementor-section-height-default elementor-section-height-default parallax_section_no qode_elementor_container_no\" data-id=\"2a2d5e8\" data-element_type=\"section\">\n\t\t\t\t\t\t<div class=\"elementor-container elementor-column-gap-default\">\n\t\t\t\t\t<div class=\"elementor-column elementor-col-100 elementor-top-column elementor-element elementor-element-d3e406a\" data-id=\"d3e406a\" data-element_type=\"column\">\n\t\t\t<div class=\"elementor-widget-wrap elementor-element-populated\">\n\t\t\t\t\t\t<div class=\"elementor-element elementor-element-2948cba elementor-widget-divider--view-line elementor-invisible elementor-widget elementor-widget-divider\" data-id=\"2948cba\" data-element_type=\"widget\" data-settings=\"{&quot;_animation&quot;:&quot;fadeIn&quot;,&quot;_animation_delay&quot;:450}\" data-widget_type=\"divider.default\">\n\t\t\t\t<div class=\"elementor-widget-container\">\n\t\t\t\t\t\t\t<div class=\"elementor-divider\">\n\t\t\t<span class=\"elementor-divider-separator\">\n\t\t\t\t\t\t<\/span>\n\t\t<\/div>\n\t\t\t\t\t\t<\/div>\n\t\t\t\t<\/div>\n\t\t\t\t<div class=\"elementor-element elementor-element-b2faf2f elementor-widget elementor-widget-spacer\" data-id=\"b2faf2f\" data-element_type=\"widget\" data-widget_type=\"spacer.default\">\n\t\t\t\t<div class=\"elementor-widget-container\">\n\t\t\t\t\t\t\t<div class=\"elementor-spacer\">\n\t\t\t<div class=\"elementor-spacer-inner\"><\/div>\n\t\t<\/div>\n\t\t\t\t\t\t<\/div>\n\t\t\t\t<\/div>\n\t\t\t\t\t<\/div>\n\t\t<\/div>\n\t\t\t\t\t<\/div>\n\t\t<\/section>\n\t\t\t\t<\/div>\n\t\t","protected":false},"excerpt":{"rendered":"<p>SACHBEARBEITER\/IN (M\/W\/D) F\u00dcR DIE AUFTRAGSABWICKLUNG Die Aufgaben, die dich erwarten: Die Betreuung deiner eigenen Auftr\u00e4ge ab der Auftragsbest\u00e4tigung bis zur Auslieferung an unsere Kunden Pr\u00fcfung der Qualit\u00e4t unserer Bekleidungsst\u00fccke auf z.B. Farbgebung, Qualit\u00e4t, Verarbeitung und Waschbest\u00e4ndigkeit Partnerschaftlicher Kontakt mit unseren internationalen Lieferanten und Kunden Was&#8230;<\/p>\n","protected":false},"author":2,"featured_media":0,"parent":2888,"menu_order":0,"comment_status":"closed","ping_status":"closed","template":"","meta":{"_monsterinsights_skip_tracking":false,"_monsterinsights_sitenote_active":false,"_monsterinsights_sitenote_note":"","_monsterinsights_sitenote_category":0,"footnotes":""},"class_list":["post-2926","page","type-page","status-publish","hentry"],"_links":{"self":[{"href":"https:\/\/newfrontierfashion.net\/en\/wp-json\/wp\/v2\/pages\/2926","targetHints":{"allow":["GET"]}}],"collection":[{"href":"https:\/\/newfrontierfashion.net\/en\/wp-json\/wp\/v2\/pages"}],"about":[{"href":"https:\/\/newfrontierfashion.net\/en\/wp-json\/wp\/v2\/types\/page"}],"author":[{"embeddable":true,"href":"https:\/\/newfrontierfashion.net\/en\/wp-json\/wp\/v2\/users\/2"}],"replies":[{"embeddable":true,"href":"https:\/\/newfrontierfashion.net\/en\/wp-json\/wp\/v2\/comments?post=2926"}],"version-history":[{"count":3,"href":"https:\/\/newfrontierfashion.net\/en\/wp-json\/wp\/v2\/pages\/2926\/revisions"}],"predecessor-version":[{"id":2929,"href":"https:\/\/newfrontierfashion.net\/en\/wp-json\/wp\/v2\/pages\/2926\/revisions\/2929"}],"up":[{"embeddable":true,"href":"https:\/\/newfrontierfashion.net\/en\/wp-json\/wp\/v2\/pages\/2888"}],"wp:attachment":[{"href":"https:\/\/newfrontierfashion.net\/en\/wp-json\/wp\/v2\/media?parent=2926"}],"curies":[{"name":"wp","href":"https:\/\/api.w.org\/{rel}","templated":true}]}}